{"id":3046,"date":"2024-03-11T13:32:09","date_gmt":"2024-03-11T12:32:09","guid":{"rendered":"https:\/\/auxmainsdecoco.fr\/?page_id=3046"},"modified":"2025-01-16T13:50:00","modified_gmt":"2025-01-16T12:50:00","slug":"minceur-corps-maderotherapie-et-pressotherapie-en-cure-cellulite-jambes-legeres","status":"publish","type":"page","link":"https:\/\/auxmainsdecoco.fr\/?page_id=3046","title":{"rendered":"Minceur Mad\u00e9roth\u00e9rapie et Pressoth\u00e9rapie"},"content":{"rendered":"<div class=\"wp-block-image\">\n<figure class=\"aligncenter size-medium is-resized\"><img data-recalc-dims=\"1\" loading=\"lazy\" decoding=\"async\" width=\"300\" height=\"169\" data-attachment-id=\"3191\" data-permalink=\"https:\/\/auxmainsdecoco.fr\/?attachment_id=3191\" data-orig-file=\"https:\/\/i0.wp.com\/auxmainsdecoco.fr\/wp-content\/uploads\/2024\/05\/Home-1.jpg?fit=1920%2C1080&amp;ssl=1\" data-orig-size=\"1920,1080\" data-comments-opened=\"1\" data-image-meta=\"{&quot;aperture&quot;:&quot;0&quot;,&quot;credit&quot;:&quot;&quot;,&quot;camera&quot;:&quot;&quot;,&quot;caption&quot;:&quot;&quot;,&quot;created_timestamp&quot;:&quot;0&quot;,&quot;copyright&quot;:&quot;&quot;,&quot;focal_length&quot;:&quot;0&quot;,&quot;iso&quot;:&quot;0&quot;,&quot;shutter_speed&quot;:&quot;0&quot;,&quot;title&quot;:&quot;&quot;,&quot;orientation&quot;:&quot;1&quot;}\" data-image-title=\"Home-1\" data-image-description=\"\" data-image-caption=\"\" data-medium-file=\"https:\/\/i0.wp.com\/auxmainsdecoco.fr\/wp-content\/uploads\/2024\/05\/Home-1.jpg?fit=300%2C169&amp;ssl=1\" data-large-file=\"https:\/\/i0.wp.com\/auxmainsdecoco.fr\/wp-content\/uploads\/2024\/05\/Home-1.jpg?fit=767%2C431&amp;ssl=1\" src=\"https:\/\/i0.wp.com\/auxmainsdecoco.fr\/wp-content\/uploads\/2024\/05\/Home-1.jpg?resize=300%2C169&#038;ssl=1\" alt=\"\" class=\"wp-image-3191\" style=\"width:217px;height:auto\" srcset=\"https:\/\/i0.wp.com\/auxmainsdecoco.fr\/wp-content\/uploads\/2024\/05\/Home-1.jpg?resize=300%2C169&amp;ssl=1 300w, https:\/\/i0.wp.com\/auxmainsdecoco.fr\/wp-content\/uploads\/2024\/05\/Home-1.jpg?resize=1024%2C576&amp;ssl=1 1024w, https:\/\/i0.wp.com\/auxmainsdecoco.fr\/wp-content\/uploads\/2024\/05\/Home-1.jpg?resize=768%2C432&amp;ssl=1 768w, https:\/\/i0.wp.com\/auxmainsdecoco.fr\/wp-content\/uploads\/2024\/05\/Home-1.jpg?resize=1536%2C864&amp;ssl=1 1536w, https:\/\/i0.wp.com\/auxmainsdecoco.fr\/wp-content\/uploads\/2024\/05\/Home-1.jpg?resize=1200%2C675&amp;ssl=1 1200w, https:\/\/i0.wp.com\/auxmainsdecoco.fr\/wp-content\/uploads\/2024\/05\/Home-1.jpg?resize=107%2C60&amp;ssl=1 107w, https:\/\/i0.wp.com\/auxmainsdecoco.fr\/wp-content\/uploads\/2024\/05\/Home-1.jpg?resize=1320%2C743&amp;ssl=1 1320w, https:\/\/i0.wp.com\/auxmainsdecoco.fr\/wp-content\/uploads\/2024\/05\/Home-1.jpg?w=1920&amp;ssl=1 1920w\" sizes=\"auto, (max-width: 300px) 100vw, 300px\" \/><\/figure>\n<\/div>\n\n\n<p class=\"wp-block-paragraph\"><\/p>\n\n\n\n<p class=\"wp-block-paragraph\"><\/p>\n\n\n<div class=\"wp-block-image\">\n<figure class=\"aligncenter is-resized\"><img data-recalc-dims=\"1\" loading=\"lazy\" decoding=\"async\" width=\"767\" height=\"1364\" data-attachment-id=\"3417\" data-permalink=\"https:\/\/auxmainsdecoco.fr\/?attachment_id=3417\" data-orig-file=\"https:\/\/i0.wp.com\/auxmainsdecoco.fr\/wp-content\/uploads\/2025\/01\/Photo-Centric-Beauty-Price-List-Instagram-Story.png?fit=1080%2C1920&amp;ssl=1\" data-orig-size=\"1080,1920\" data-comments-opened=\"1\" data-image-meta=\"{&quot;aperture&quot;:&quot;0&quot;,&quot;credit&quot;:&quot;&quot;,&quot;camera&quot;:&quot;&quot;,&quot;caption&quot;:&quot;&quot;,&quot;created_timestamp&quot;:&quot;0&quot;,&quot;copyright&quot;:&quot;&quot;,&quot;focal_length&quot;:&quot;0&quot;,&quot;iso&quot;:&quot;0&quot;,&quot;shutter_speed&quot;:&quot;0&quot;,&quot;title&quot;:&quot;&quot;,&quot;orientation&quot;:&quot;0&quot;}\" data-image-title=\"Photo Centric Beauty Price List Instagram Story\" data-image-description=\"\" data-image-caption=\"\" data-medium-file=\"https:\/\/i0.wp.com\/auxmainsdecoco.fr\/wp-content\/uploads\/2025\/01\/Photo-Centric-Beauty-Price-List-Instagram-Story.png?fit=169%2C300&amp;ssl=1\" data-large-file=\"https:\/\/i0.wp.com\/auxmainsdecoco.fr\/wp-content\/uploads\/2025\/01\/Photo-Centric-Beauty-Price-List-Instagram-Story.png?fit=576%2C1024&amp;ssl=1\" src=\"https:\/\/i0.wp.com\/auxmainsdecoco.fr\/wp-content\/uploads\/2025\/01\/Photo-Centric-Beauty-Price-List-Instagram-Story.png?resize=767%2C1364&#038;ssl=1\" alt=\"\" class=\"wp-image-3417\" style=\"width:549px;height:auto\" srcset=\"https:\/\/i0.wp.com\/auxmainsdecoco.fr\/wp-content\/uploads\/2025\/01\/Photo-Centric-Beauty-Price-List-Instagram-Story.png?w=1080&amp;ssl=1 1080w, https:\/\/i0.wp.com\/auxmainsdecoco.fr\/wp-content\/uploads\/2025\/01\/Photo-Centric-Beauty-Price-List-Instagram-Story.png?resize=169%2C300&amp;ssl=1 169w, https:\/\/i0.wp.com\/auxmainsdecoco.fr\/wp-content\/uploads\/2025\/01\/Photo-Centric-Beauty-Price-List-Instagram-Story.png?resize=576%2C1024&amp;ssl=1 576w, https:\/\/i0.wp.com\/auxmainsdecoco.fr\/wp-content\/uploads\/2025\/01\/Photo-Centric-Beauty-Price-List-Instagram-Story.png?resize=768%2C1365&amp;ssl=1 768w, https:\/\/i0.wp.com\/auxmainsdecoco.fr\/wp-content\/uploads\/2025\/01\/Photo-Centric-Beauty-Price-List-Instagram-Story.png?resize=864%2C1536&amp;ssl=1 864w, https:\/\/i0.wp.com\/auxmainsdecoco.fr\/wp-content\/uploads\/2025\/01\/Photo-Centric-Beauty-Price-List-Instagram-Story.png?resize=34%2C60&amp;ssl=1 34w\" sizes=\"auto, (max-width: 767px) 100vw, 767px\" \/><\/figure>\n<\/div>","protected":false},"excerpt":{"rendered":"","protected":false},"author":128420705,"featured_media":0,"parent":0,"menu_order":0,"comment_status":"closed","ping_status":"closed","template":"","meta":{"_coblocks_attr":"","_coblocks_dimensions":"","_coblocks_responsive_height":"","_coblocks_accordion_ie_support":"","_crdt_document":"","jetpack_post_was_ever_published":false,"footnotes":""},"class_list":["post-3046","page","type-page","status-publish","hentry"],"jetpack_likes_enabled":true,"jetpack_sharing_enabled":true,"jetpack_shortlink":"https:\/\/wp.me\/P9dtEF-N8","jetpack-related-posts":[{"id":413,"url":"https:\/\/auxmainsdecoco.fr\/?page_id=413","url_meta":{"origin":3046,"position":0},"title":"Les Soins Minceur","author":"Aux mains de Coco Massage Ayurv\u00e9dique Soins visage Ifs","date":"3 f\u00e9vrier 2018","format":false,"excerpt":"Le Printemps arrive, sublimez votre corps avec les cures Minceur Bio By Oxalia dans votre Institut de Beaut\u00e9 \u00e0 Caen.","rel":"","context":"Article similaire","block_context":{"text":"Article similaire","link":""},"img":{"alt_text":"","src":"https:\/\/i0.wp.com\/auxmainsdecoco.fr\/wp-content\/uploads\/2018\/10\/palm-1185677_1920.jpg?fit=800%2C1200&ssl=1&resize=350%2C200","width":350,"height":200,"srcset":"https:\/\/i0.wp.com\/auxmainsdecoco.fr\/wp-content\/uploads\/2018\/10\/palm-1185677_1920.jpg?fit=800%2C1200&ssl=1&resize=350%2C200 1x, https:\/\/i0.wp.com\/auxmainsdecoco.fr\/wp-content\/uploads\/2018\/10\/palm-1185677_1920.jpg?fit=800%2C1200&ssl=1&resize=525%2C300 1.5x, https:\/\/i0.wp.com\/auxmainsdecoco.fr\/wp-content\/uploads\/2018\/10\/palm-1185677_1920.jpg?fit=800%2C1200&ssl=1&resize=700%2C400 2x"},"classes":[]},{"id":109,"url":"https:\/\/auxmainsdecoco.fr\/?page_id=109","url_meta":{"origin":3046,"position":1},"title":"Soin Visage Sur-Mesure: Pour une Peau \u00c9clatante","author":"Aux mains de Coco Massage Ayurv\u00e9dique Soins visage Ifs","date":"27 septembre 2017","format":false,"excerpt":"D\u00e9couvrez les soins visage Bio By Oxalia, renouer avec votre Nature... Prenez RDV dans votre Institut de Beaut\u00e9 bio \u00e0 Ifs.","rel":"","context":"Dans &quot;Votre ressenti..&quot;","block_context":{"text":"Votre ressenti..","link":"https:\/\/auxmainsdecoco.fr\/?cat=291297423"},"img":{"alt_text":"","src":"https:\/\/i0.wp.com\/auxmainsdecoco.fr\/wp-content\/uploads\/2024\/09\/image.png?fit=1024%2C768&ssl=1&resize=350%2C200","width":350,"height":200,"srcset":"https:\/\/i0.wp.com\/auxmainsdecoco.fr\/wp-content\/uploads\/2024\/09\/image.png?fit=1024%2C768&ssl=1&resize=350%2C200 1x, https:\/\/i0.wp.com\/auxmainsdecoco.fr\/wp-content\/uploads\/2024\/09\/image.png?fit=1024%2C768&ssl=1&resize=525%2C300 1.5x, https:\/\/i0.wp.com\/auxmainsdecoco.fr\/wp-content\/uploads\/2024\/09\/image.png?fit=1024%2C768&ssl=1&resize=700%2C400 2x"},"classes":[]},{"id":2835,"url":"https:\/\/auxmainsdecoco.fr\/?page_id=2835","url_meta":{"origin":3046,"position":2},"title":"Les Produits Bio By Oxalia","author":"Aux mains de Coco Massage Ayurv\u00e9dique Soins visage Ifs","date":"18 octobre 2023","format":false,"excerpt":"Bio By Oxalia\u00a0est une marque de cosm\u00e9tiques\u00a0fran\u00e7aise certifi\u00e9e\u00a0BIO .Cosm\u00e9tiques biologiques & professionnelsD\u00e9couvrez nos\u00a0produits cosm\u00e9tiques bio\u00a0professionnels : (cr\u00e8me, lotion, huile, s\u00e9rum, gommage, masque\u2026), corps (gommage, enveloppement\u2026), minceur et homme.Performants, les produits sont tr\u00e8s concentr\u00e9s en actifs (plus de 50% d'ingr\u00e9dients BIO et plus de 99 % d'ingr\u00e9dients d'origines naturelles). Ils\u00a0permettent d'apporter\u2026","rel":"","context":"Article similaire","block_context":{"text":"Article similaire","link":""},"img":{"alt_text":"","src":"https:\/\/i0.wp.com\/auxmainsdecoco.fr\/wp-content\/uploads\/2023\/08\/31d81-univers_tentation_fondante-750x500-1.jpg?resize=350%2C200","width":350,"height":200,"srcset":"https:\/\/i0.wp.com\/auxmainsdecoco.fr\/wp-content\/uploads\/2023\/08\/31d81-univers_tentation_fondante-750x500-1.jpg?resize=350%2C200 1x, https:\/\/i0.wp.com\/auxmainsdecoco.fr\/wp-content\/uploads\/2023\/08\/31d81-univers_tentation_fondante-750x500-1.jpg?resize=525%2C300 1.5x, https:\/\/i0.wp.com\/auxmainsdecoco.fr\/wp-content\/uploads\/2023\/08\/31d81-univers_tentation_fondante-750x500-1.jpg?resize=700%2C400 2x"},"classes":[]}],"_links":{"self":[{"href":"https:\/\/auxmainsdecoco.fr\/index.php?rest_route=\/wp\/v2\/pages\/3046","targetHints":{"allow":["GET"]}}],"collection":[{"href":"https:\/\/auxmainsdecoco.fr\/index.php?rest_route=\/wp\/v2\/pages"}],"about":[{"href":"https:\/\/auxmainsdecoco.fr\/index.php?rest_route=\/wp\/v2\/types\/page"}],"author":[{"embeddable":true,"href":"https:\/\/auxmainsdecoco.fr\/index.php?rest_route=\/wp\/v2\/users\/128420705"}],"replies":[{"embeddable":true,"href":"https:\/\/auxmainsdecoco.fr\/index.php?rest_route=%2Fwp%2Fv2%2Fcomments&post=3046"}],"version-history":[{"count":26,"href":"https:\/\/auxmainsdecoco.fr\/index.php?rest_route=\/wp\/v2\/pages\/3046\/revisions"}],"predecessor-version":[{"id":3429,"href":"https:\/\/auxmainsdecoco.fr\/index.php?rest_route=\/wp\/v2\/pages\/3046\/revisions\/3429"}],"wp:attachment":[{"href":"https:\/\/auxmainsdecoco.fr\/index.php?rest_route=%2Fwp%2Fv2%2Fmedia&parent=3046"}],"curies":[{"name":"wp","href":"https:\/\/api.w.org\/{rel}","templated":true}]}}