{"id":2835,"date":"2023-10-18T20:20:29","date_gmt":"2023-10-18T19:20:29","guid":{"rendered":"https:\/\/auxmainsdecoco.fr\/?page_id=2835"},"modified":"2023-10-18T20:20:31","modified_gmt":"2023-10-18T19:20:31","slug":"les-produits-bio-by-oxalia","status":"publish","type":"page","link":"https:\/\/auxmainsdecoco.fr\/?page_id=2835","title":{"rendered":"Les Produits Bio By Oxalia"},"content":{"rendered":"\n<p class=\"wp-block-paragraph\"><strong><span style=\"background-color:rgba(0, 0, 0, 0);color:#114e68\" class=\"has-inline-color\"> <\/span><\/strong><mark style=\"background-color:rgba(0, 0, 0, 0);color:#246f53\" class=\"has-inline-color\"><strong>Bio By Oxalia\u00a0est une marque de cosm\u00e9tiques\u00a0fran\u00e7aise certifi\u00e9e\u00a0BIO .<\/strong><br><br>Cosm\u00e9tiques biologiques &amp; professionnels<br>D\u00e9couvrez nos<strong>\u00a0produits cosm\u00e9tiques bio<\/strong>\u00a0professionnels : (cr\u00e8me, lotion, huile, s\u00e9rum, gommage, masque\u2026), corps (gommage, enveloppement\u2026), minceur et homme.<br><strong><br>Performants, les produits sont tr\u00e8s concentr\u00e9s en actifs (plus de 50% d&rsquo;ingr\u00e9dients BIO et plus de 99 % d&rsquo;ingr\u00e9dients d&rsquo;origines naturelles). <\/strong><br><strong>Ils\u00a0permettent d&rsquo;apporter bien-\u00eatre et beaut\u00e9 \u00e0 votre peau dans le respect de l&rsquo;environnement .\u00a0<br>Test\u00e9s sous contr\u00f4le dermatologique.<br><em>Aucun test sur animaux\u00a0:\u00a0ni sur les ingr\u00e9dients, ni sur le produit fini.\u00a0<\/em><br>Des produits naturels SANS: parab\u00e8ne, d\u00e9riv\u00e9s de p\u00e9trole (PEG), OGM, parfums ou colorants de synth\u00e8se.<br>Un packaging recyclable, utilisant une technologie airless pour une protection optimale de vos produits et aucune perte. <\/strong><\/mark><\/p>\n\n\n\n<p class=\"has-text-align-center wp-block-paragraph\"><mark style=\"background-color:rgba(0, 0, 0, 0);color:#246f53\" class=\"has-inline-color\"><strong>Des produits d\u2019exception<\/strong><\/mark><\/p>\n\n\n\n<p class=\"wp-block-paragraph\"><mark style=\"background-color:rgba(0, 0, 0, 0);color:#246f53\" class=\"has-inline-color\">D\u00e9couvrez notre gamme compl\u00e8te de plus de 70 r\u00e9f\u00e9rences produits aux compositions saines d&rsquo;au moins 50\u2009% d\u2019ingr\u00e9dients bio, 99\u2009% d\u2019ingr\u00e9dients naturels et gorg\u00e9es d\u2019ingr\u00e9dients actifs. Nos produits aux textures vari\u00e9es et aux senteurs d\u00e9licates sont tous imagin\u00e9s et fabriqu\u00e9s en France, dans une d\u00e9marche \u00e9thique et responsable.<\/mark><\/p>\n\n\n\n<h4 class=\"wp-block-heading has-text-align-center\"><mark style=\"background-color:rgba(0, 0, 0, 0);color:#246f53\" class=\"has-inline-color\">Une expertise et un savoir-faire professionnels<\/mark><\/h4>\n\n\n\n<p class=\"wp-block-paragraph\"><mark style=\"background-color:rgba(0, 0, 0, 0);color:#246f53\" class=\"has-inline-color\">Gr\u00e2ce \u00e0 notre laboratoire de recherche et d\u00e9veloppement et au pr\u00e9cieux travail de nos ing\u00e9nieurs cosm\u00e9tique, nous nous \u00e9vertuons chaque jour \u00e0 faire rimer innovation et cr\u00e9ation, afin de proposer des produits toujours plus attractifs, sains et efficaces.<\/mark><\/p>\n\n\n\n<h4 class=\"wp-block-heading has-text-align-center\"><mark style=\"background-color:rgba(0, 0, 0, 0);color:#246f53\" class=\"has-inline-color\">Une d\u00e9marche \u00e9thique<\/mark><\/h4>\n\n\n\n<p class=\"wp-block-paragraph\"><mark style=\"background-color:rgba(0, 0, 0, 0);color:#246f53\" class=\"has-inline-color\">Mati\u00e8res premi\u00e8res d\u2019origine fran\u00e7aise ou issues de fili\u00e8res responsables, packagings recyclables, emballages biod\u00e9gradables, mat\u00e9riaux biologiques &#8230; <\/mark><\/p>\n\n\n\n<p class=\"wp-block-paragraph\"><mark style=\"background-color:rgba(0, 0, 0, 0);color:#246f53\" class=\"has-inline-color\">Nous cherchons continuellement de nouvelles solutions pour r\u00e9duire notre impact environnemental.<\/mark><\/p>\n\n\n\n<p class=\"has-text-align-center wp-block-paragraph\"><mark style=\"background-color:rgba(0, 0, 0, 0);color:#246f53\" class=\"has-inline-color\"><a href=\"https:\/\/auxmainsdecoco.fr\/?page_id=109\"><strong>Des soins alliant plaisir et efficacit\u00e9<\/strong><\/a><\/mark><\/p>\n\n\n\n<p class=\"wp-block-paragraph\"><mark style=\"background-color:rgba(0, 0, 0, 0);color:#246f53\" class=\"has-inline-color\">Composition texture, efficacit\u00e9, fragrance&#8230; rien n\u2019est laiss\u00e9 au hasard pour vous promettre des r\u00e9sultats visibles et un plaisir sensoriel \u00e0 chaque application. Rituels de plaisir et de r\u00e9confort, nos soins associent bien-\u00eatre et efficacit\u00e9, en institut comme \u00e0 la maison.<br><\/mark><\/p>\n\n\n\n<p class=\"wp-block-paragraph\"><br><br><\/p>\n\n\n\n<figure class=\"wp-block-gallery has-nested-images columns-default is-cropped wp-block-gallery-1 is-layout-flex wp-block-gallery-is-layout-flex\">\n<figure class=\"wp-block-image size-large\"><img data-recalc-dims=\"1\" loading=\"lazy\" decoding=\"async\" width=\"750\" height=\"500\" data-attachment-id=\"1980\" data-permalink=\"https:\/\/auxmainsdecoco.fr\/?attachment_id=1980\" data-orig-file=\"https:\/\/i0.wp.com\/auxmainsdecoco.fr\/wp-content\/uploads\/2023\/08\/31d81-univers_tentation_fondante-750x500-1.jpg?fit=750%2C500&amp;ssl=1\" data-orig-size=\"750,500\" data-comments-opened=\"1\" data-image-meta=\"{&quot;aperture&quot;:&quot;0&quot;,&quot;credit&quot;:&quot;&quot;,&quot;camera&quot;:&quot;&quot;,&quot;caption&quot;:&quot;&quot;,&quot;created_timestamp&quot;:&quot;0&quot;,&quot;copyright&quot;:&quot;&quot;,&quot;focal_length&quot;:&quot;0&quot;,&quot;iso&quot;:&quot;0&quot;,&quot;shutter_speed&quot;:&quot;0&quot;,&quot;title&quot;:&quot;&quot;,&quot;orientation&quot;:&quot;0&quot;}\" data-image-title=\"Univers_Tentation_Fondante-750&amp;#215;500\" data-image-description=\"\" data-image-caption=\"\" data-medium-file=\"https:\/\/i0.wp.com\/auxmainsdecoco.fr\/wp-content\/uploads\/2023\/08\/31d81-univers_tentation_fondante-750x500-1.jpg?fit=300%2C200&amp;ssl=1\" data-large-file=\"https:\/\/i0.wp.com\/auxmainsdecoco.fr\/wp-content\/uploads\/2023\/08\/31d81-univers_tentation_fondante-750x500-1.jpg?fit=750%2C500&amp;ssl=1\" data-id=\"1980\" src=\"https:\/\/i0.wp.com\/auxmainsdecoco.fr\/wp-content\/uploads\/2023\/08\/31d81-univers_tentation_fondante-750x500-1.jpg?resize=750%2C500&#038;ssl=1\" alt=\"\" class=\"wp-image-1980\"\/><\/figure>\n\n\n\n<figure class=\"wp-block-image size-large\"><img data-recalc-dims=\"1\" loading=\"lazy\" decoding=\"async\" width=\"750\" height=\"500\" data-attachment-id=\"1978\" data-permalink=\"https:\/\/auxmainsdecoco.fr\/?attachment_id=1978\" data-orig-file=\"https:\/\/i0.wp.com\/auxmainsdecoco.fr\/wp-content\/uploads\/2023\/08\/f5fb7-univers_jeunesse_bluffante-750x500-1.jpg?fit=750%2C500&amp;ssl=1\" data-orig-size=\"750,500\" data-comments-opened=\"1\" data-image-meta=\"{&quot;aperture&quot;:&quot;0&quot;,&quot;credit&quot;:&quot;&quot;,&quot;camera&quot;:&quot;&quot;,&quot;caption&quot;:&quot;&quot;,&quot;created_timestamp&quot;:&quot;0&quot;,&quot;copyright&quot;:&quot;&quot;,&quot;focal_length&quot;:&quot;0&quot;,&quot;iso&quot;:&quot;0&quot;,&quot;shutter_speed&quot;:&quot;0&quot;,&quot;title&quot;:&quot;&quot;,&quot;orientation&quot;:&quot;0&quot;}\" data-image-title=\"Univers_Jeunesse_Bluffante-750&amp;#215;500\" data-image-description=\"\" data-image-caption=\"\" data-medium-file=\"https:\/\/i0.wp.com\/auxmainsdecoco.fr\/wp-content\/uploads\/2023\/08\/f5fb7-univers_jeunesse_bluffante-750x500-1.jpg?fit=300%2C200&amp;ssl=1\" data-large-file=\"https:\/\/i0.wp.com\/auxmainsdecoco.fr\/wp-content\/uploads\/2023\/08\/f5fb7-univers_jeunesse_bluffante-750x500-1.jpg?fit=750%2C500&amp;ssl=1\" data-id=\"1978\" src=\"https:\/\/i0.wp.com\/auxmainsdecoco.fr\/wp-content\/uploads\/2023\/08\/f5fb7-univers_jeunesse_bluffante-750x500-1.jpg?resize=750%2C500&#038;ssl=1\" alt=\"\" class=\"wp-image-1978\"\/><\/figure>\n\n\n\n<figure class=\"wp-block-image size-large\"><img data-recalc-dims=\"1\" loading=\"lazy\" decoding=\"async\" width=\"750\" height=\"500\" data-attachment-id=\"1975\" data-permalink=\"https:\/\/auxmainsdecoco.fr\/?attachment_id=1975\" data-orig-file=\"https:\/\/i0.wp.com\/auxmainsdecoco.fr\/wp-content\/uploads\/2023\/08\/0310d-univers_doudou_cocoon-750x500-1.jpg?fit=750%2C500&amp;ssl=1\" data-orig-size=\"750,500\" data-comments-opened=\"1\" data-image-meta=\"{&quot;aperture&quot;:&quot;0&quot;,&quot;credit&quot;:&quot;&quot;,&quot;camera&quot;:&quot;&quot;,&quot;caption&quot;:&quot;&quot;,&quot;created_timestamp&quot;:&quot;0&quot;,&quot;copyright&quot;:&quot;&quot;,&quot;focal_length&quot;:&quot;0&quot;,&quot;iso&quot;:&quot;0&quot;,&quot;shutter_speed&quot;:&quot;0&quot;,&quot;title&quot;:&quot;&quot;,&quot;orientation&quot;:&quot;0&quot;}\" data-image-title=\"Univers_Doudou_Cocoon-750&amp;#215;500\" data-image-description=\"\" data-image-caption=\"\" data-medium-file=\"https:\/\/i0.wp.com\/auxmainsdecoco.fr\/wp-content\/uploads\/2023\/08\/0310d-univers_doudou_cocoon-750x500-1.jpg?fit=300%2C200&amp;ssl=1\" data-large-file=\"https:\/\/i0.wp.com\/auxmainsdecoco.fr\/wp-content\/uploads\/2023\/08\/0310d-univers_doudou_cocoon-750x500-1.jpg?fit=750%2C500&amp;ssl=1\" data-id=\"1975\" src=\"https:\/\/i0.wp.com\/auxmainsdecoco.fr\/wp-content\/uploads\/2023\/08\/0310d-univers_doudou_cocoon-750x500-1.jpg?resize=750%2C500&#038;ssl=1\" alt=\"\" class=\"wp-image-1975\"\/><\/figure>\n\n\n\n<figure class=\"wp-block-image size-large\"><img data-recalc-dims=\"1\" loading=\"lazy\" decoding=\"async\" width=\"750\" height=\"500\" data-attachment-id=\"1974\" data-permalink=\"https:\/\/auxmainsdecoco.fr\/?attachment_id=1974\" data-orig-file=\"https:\/\/i0.wp.com\/auxmainsdecoco.fr\/wp-content\/uploads\/2023\/08\/3a003-univers_blanc_nuage-750x500-1.jpg?fit=750%2C500&amp;ssl=1\" data-orig-size=\"750,500\" data-comments-opened=\"1\" data-image-meta=\"{&quot;aperture&quot;:&quot;0&quot;,&quot;credit&quot;:&quot;&quot;,&quot;camera&quot;:&quot;&quot;,&quot;caption&quot;:&quot;&quot;,&quot;created_timestamp&quot;:&quot;0&quot;,&quot;copyright&quot;:&quot;&quot;,&quot;focal_length&quot;:&quot;0&quot;,&quot;iso&quot;:&quot;0&quot;,&quot;shutter_speed&quot;:&quot;0&quot;,&quot;title&quot;:&quot;&quot;,&quot;orientation&quot;:&quot;0&quot;}\" data-image-title=\"Univers_Blanc_Nuage-750&amp;#215;500\" data-image-description=\"\" data-image-caption=\"\" data-medium-file=\"https:\/\/i0.wp.com\/auxmainsdecoco.fr\/wp-content\/uploads\/2023\/08\/3a003-univers_blanc_nuage-750x500-1.jpg?fit=300%2C200&amp;ssl=1\" data-large-file=\"https:\/\/i0.wp.com\/auxmainsdecoco.fr\/wp-content\/uploads\/2023\/08\/3a003-univers_blanc_nuage-750x500-1.jpg?fit=750%2C500&amp;ssl=1\" data-id=\"1974\" src=\"https:\/\/i0.wp.com\/auxmainsdecoco.fr\/wp-content\/uploads\/2023\/08\/3a003-univers_blanc_nuage-750x500-1.jpg?resize=750%2C500&#038;ssl=1\" alt=\"\" class=\"wp-image-1974\"\/><\/figure>\n\n\n\n<figure class=\"wp-block-image size-large\"><img data-recalc-dims=\"1\" loading=\"lazy\" decoding=\"async\" width=\"750\" height=\"500\" data-attachment-id=\"1973\" data-permalink=\"https:\/\/auxmainsdecoco.fr\/?attachment_id=1973\" data-orig-file=\"https:\/\/i0.wp.com\/auxmainsdecoco.fr\/wp-content\/uploads\/2023\/08\/bc4f2-univers_epure_bambou-750x500-1.jpg?fit=750%2C500&amp;ssl=1\" data-orig-size=\"750,500\" data-comments-opened=\"1\" data-image-meta=\"{&quot;aperture&quot;:&quot;0&quot;,&quot;credit&quot;:&quot;&quot;,&quot;camera&quot;:&quot;&quot;,&quot;caption&quot;:&quot;&quot;,&quot;created_timestamp&quot;:&quot;0&quot;,&quot;copyright&quot;:&quot;&quot;,&quot;focal_length&quot;:&quot;0&quot;,&quot;iso&quot;:&quot;0&quot;,&quot;shutter_speed&quot;:&quot;0&quot;,&quot;title&quot;:&quot;&quot;,&quot;orientation&quot;:&quot;0&quot;}\" data-image-title=\"Univers_Epure_Bambou-750&amp;#215;500\" data-image-description=\"\" data-image-caption=\"\" data-medium-file=\"https:\/\/i0.wp.com\/auxmainsdecoco.fr\/wp-content\/uploads\/2023\/08\/bc4f2-univers_epure_bambou-750x500-1.jpg?fit=300%2C200&amp;ssl=1\" data-large-file=\"https:\/\/i0.wp.com\/auxmainsdecoco.fr\/wp-content\/uploads\/2023\/08\/bc4f2-univers_epure_bambou-750x500-1.jpg?fit=750%2C500&amp;ssl=1\" data-id=\"1973\" src=\"https:\/\/i0.wp.com\/auxmainsdecoco.fr\/wp-content\/uploads\/2023\/08\/bc4f2-univers_epure_bambou-750x500-1.jpg?resize=750%2C500&#038;ssl=1\" alt=\"\" class=\"wp-image-1973\"\/><\/figure>\n<\/figure>\n","protected":false},"excerpt":{"rendered":"<p>Bio By Oxalia\u00a0est une marque de cosm\u00e9tiques\u00a0fran\u00e7aise certifi\u00e9e\u00a0BIO . Cosm\u00e9tiques biologiques &amp; professionnelsD\u00e9couvrez nos\u00a0produits cosm\u00e9tiques bio\u00a0professionnels : (cr\u00e8me, lotion, huile, s\u00e9rum, gommage, masque\u2026), corps (gommage, enveloppement\u2026), minceur et homme.Performants, les &hellip; <\/p>\n","protected":false},"author":128420705,"featured_media":0,"parent":0,"menu_order":0,"comment_status":"closed","ping_status":"closed","template":"","meta":{"_coblocks_attr":"","_coblocks_dimensions":"","_coblocks_responsive_height":"","_coblocks_accordion_ie_support":"","_crdt_document":"","jetpack_post_was_ever_published":false,"footnotes":""},"class_list":["post-2835","page","type-page","status-publish","hentry"],"jetpack_likes_enabled":true,"jetpack_sharing_enabled":true,"jetpack_shortlink":"https:\/\/wp.me\/P9dtEF-JJ","jetpack-related-posts":[{"id":109,"url":"https:\/\/auxmainsdecoco.fr\/?page_id=109","url_meta":{"origin":2835,"position":0},"title":"Soin Visage Sur-Mesure: Pour une Peau \u00c9clatante","author":"Aux mains de Coco Massage Ayurv\u00e9dique Soins visage Ifs","date":"27 septembre 2017","format":false,"excerpt":"D\u00e9couvrez les soins visage Bio By Oxalia, renouer avec votre Nature... Prenez RDV dans votre Institut de Beaut\u00e9 bio \u00e0 Ifs.","rel":"","context":"Dans &quot;Votre ressenti..&quot;","block_context":{"text":"Votre ressenti..","link":"https:\/\/auxmainsdecoco.fr\/?cat=291297423"},"img":{"alt_text":"","src":"https:\/\/i0.wp.com\/auxmainsdecoco.fr\/wp-content\/uploads\/2024\/09\/image.png?fit=1024%2C768&ssl=1&resize=350%2C200","width":350,"height":200,"srcset":"https:\/\/i0.wp.com\/auxmainsdecoco.fr\/wp-content\/uploads\/2024\/09\/image.png?fit=1024%2C768&ssl=1&resize=350%2C200 1x, https:\/\/i0.wp.com\/auxmainsdecoco.fr\/wp-content\/uploads\/2024\/09\/image.png?fit=1024%2C768&ssl=1&resize=525%2C300 1.5x, https:\/\/i0.wp.com\/auxmainsdecoco.fr\/wp-content\/uploads\/2024\/09\/image.png?fit=1024%2C768&ssl=1&resize=700%2C400 2x"},"classes":[]},{"id":835,"url":"https:\/\/auxmainsdecoco.fr\/?page_id=835","url_meta":{"origin":2835,"position":1},"title":"Soins des Mains et des Pieds","author":"Aux mains de Coco Massage Ayurv\u00e9dique Soins visage Ifs","date":"6 mai 2019","format":false,"excerpt":"Manucure 45\u20ac(limage + cuticules +soin) Soin des Mains : Offrez-vous une v\u00e9ritable manucure avec des produits bio tout doux aux senteurs de mono\u00ef, pour des mains douces et des ongles fortifi\u00e9s! (Limage des ongles, soins des cuticules et des ongles, gommage, enveloppement des mains, pose de base). 60 min 65\u20ac\u2026","rel":"","context":"Article similaire","block_context":{"text":"Article similaire","link":""},"img":{"alt_text":"","src":"https:\/\/i0.wp.com\/auxmainsdecoco.fr\/wp-content\/uploads\/2019\/04\/0008183752e-849x565.png?resize=350%2C200&ssl=1","width":350,"height":200,"srcset":"https:\/\/i0.wp.com\/auxmainsdecoco.fr\/wp-content\/uploads\/2019\/04\/0008183752e-849x565.png?resize=350%2C200&ssl=1 1x, https:\/\/i0.wp.com\/auxmainsdecoco.fr\/wp-content\/uploads\/2019\/04\/0008183752e-849x565.png?resize=525%2C300&ssl=1 1.5x, https:\/\/i0.wp.com\/auxmainsdecoco.fr\/wp-content\/uploads\/2019\/04\/0008183752e-849x565.png?resize=700%2C400&ssl=1 2x"},"classes":[]},{"id":413,"url":"https:\/\/auxmainsdecoco.fr\/?page_id=413","url_meta":{"origin":2835,"position":2},"title":"Les Soins Minceur","author":"Aux mains de Coco Massage Ayurv\u00e9dique Soins visage Ifs","date":"3 f\u00e9vrier 2018","format":false,"excerpt":"Le Printemps arrive, sublimez votre corps avec les cures Minceur Bio By Oxalia dans votre Institut de Beaut\u00e9 \u00e0 Caen.","rel":"","context":"Article similaire","block_context":{"text":"Article similaire","link":""},"img":{"alt_text":"","src":"https:\/\/i0.wp.com\/auxmainsdecoco.fr\/wp-content\/uploads\/2018\/10\/palm-1185677_1920.jpg?fit=800%2C1200&ssl=1&resize=350%2C200","width":350,"height":200,"srcset":"https:\/\/i0.wp.com\/auxmainsdecoco.fr\/wp-content\/uploads\/2018\/10\/palm-1185677_1920.jpg?fit=800%2C1200&ssl=1&resize=350%2C200 1x, https:\/\/i0.wp.com\/auxmainsdecoco.fr\/wp-content\/uploads\/2018\/10\/palm-1185677_1920.jpg?fit=800%2C1200&ssl=1&resize=525%2C300 1.5x, https:\/\/i0.wp.com\/auxmainsdecoco.fr\/wp-content\/uploads\/2018\/10\/palm-1185677_1920.jpg?fit=800%2C1200&ssl=1&resize=700%2C400 2x"},"classes":[]},{"id":114,"url":"https:\/\/auxmainsdecoco.fr\/?page_id=114","url_meta":{"origin":2835,"position":3},"title":"Les \u00e9pilations","author":"Aux mains de Coco Massage Ayurv\u00e9dique Soins visage Ifs","date":"27 septembre 2017","format":false,"excerpt":"Votre Institut de Beaut\u00e9 bio \u00e0 Caen vous propose des \u00e9pilations \u00e0 base de cire d'origine naturelle et fran\u00e7aise, pour une \u00e9pilation parfaitement douce et adapt\u00e9e aux peaux sensibles.","rel":"","context":"Article similaire","block_context":{"text":"Article similaire","link":""},"img":{"alt_text":"","src":"https:\/\/i0.wp.com\/auxmainsdecoco.fr\/wp-content\/uploads\/2023\/10\/Design-sans-titre.png?fit=960%2C1200&ssl=1&resize=350%2C200","width":350,"height":200,"srcset":"https:\/\/i0.wp.com\/auxmainsdecoco.fr\/wp-content\/uploads\/2023\/10\/Design-sans-titre.png?fit=960%2C1200&ssl=1&resize=350%2C200 1x, https:\/\/i0.wp.com\/auxmainsdecoco.fr\/wp-content\/uploads\/2023\/10\/Design-sans-titre.png?fit=960%2C1200&ssl=1&resize=525%2C300 1.5x, https:\/\/i0.wp.com\/auxmainsdecoco.fr\/wp-content\/uploads\/2023\/10\/Design-sans-titre.png?fit=960%2C1200&ssl=1&resize=700%2C400 2x"},"classes":[]},{"id":2572,"url":"https:\/\/auxmainsdecoco.fr\/?page_id=2572","url_meta":{"origin":2835,"position":4},"title":"R\u00e9haussement de cils YumiLashes","author":"Aux mains de Coco Massage Ayurv\u00e9dique Soins visage Ifs","date":"6 avril 2023","format":false,"excerpt":"Tarif 65\u20ac Un r\u00e9sultat incroyable pour des cils recourb\u00e9s et prot\u00e9g\u00e9s, tout \u00e7a pour un effet naturel. Produits fran\u00e7ais Pigments vegan Soin \u00e0 la k\u00e9ratine v\u00e9g\u00e9tale Osez ! Nous on adoooore !!!","rel":"","context":"Article similaire","block_context":{"text":"Article similaire","link":""},"img":{"alt_text":"","src":"https:\/\/i0.wp.com\/auxmainsdecoco.fr\/wp-content\/uploads\/2023\/08\/3f709-20230406_135520_0000-1.png?fit=1080%2C1080&ssl=1&resize=350%2C200","width":350,"height":200,"srcset":"https:\/\/i0.wp.com\/auxmainsdecoco.fr\/wp-content\/uploads\/2023\/08\/3f709-20230406_135520_0000-1.png?fit=1080%2C1080&ssl=1&resize=350%2C200 1x, https:\/\/i0.wp.com\/auxmainsdecoco.fr\/wp-content\/uploads\/2023\/08\/3f709-20230406_135520_0000-1.png?fit=1080%2C1080&ssl=1&resize=525%2C300 1.5x, https:\/\/i0.wp.com\/auxmainsdecoco.fr\/wp-content\/uploads\/2023\/08\/3f709-20230406_135520_0000-1.png?fit=1080%2C1080&ssl=1&resize=700%2C400 2x, https:\/\/i0.wp.com\/auxmainsdecoco.fr\/wp-content\/uploads\/2023\/08\/3f709-20230406_135520_0000-1.png?fit=1080%2C1080&ssl=1&resize=1050%2C600 3x"},"classes":[]},{"id":55,"url":"https:\/\/auxmainsdecoco.fr\/?page_id=55","url_meta":{"origin":2835,"position":5},"title":"Les Massages Bien-\u00eatre","author":"Aux mains de Coco Massage Ayurv\u00e9dique Soins visage Ifs","date":"26 septembre 2017","format":false,"excerpt":"D\u00e9couvrez les massages Bien-\u00eatre ayurv\u00e9diques dans votre Institut de Beaut\u00e9 bio \u00e0 Ifs.","rel":"","context":"Article similaire","block_context":{"text":"Article similaire","link":""},"img":{"alt_text":"","src":"https:\/\/i0.wp.com\/auxmainsdecoco.fr\/wp-content\/uploads\/2021\/06\/aux-mains-de-coco.png?resize=350%2C200","width":350,"height":200,"srcset":"https:\/\/i0.wp.com\/auxmainsdecoco.fr\/wp-content\/uploads\/2021\/06\/aux-mains-de-coco.png?resize=350%2C200 1x, https:\/\/i0.wp.com\/auxmainsdecoco.fr\/wp-content\/uploads\/2021\/06\/aux-mains-de-coco.png?resize=525%2C300 1.5x, https:\/\/i0.wp.com\/auxmainsdecoco.fr\/wp-content\/uploads\/2021\/06\/aux-mains-de-coco.png?resize=700%2C400 2x, https:\/\/i0.wp.com\/auxmainsdecoco.fr\/wp-content\/uploads\/2021\/06\/aux-mains-de-coco.png?resize=1050%2C600 3x"},"classes":[]}],"_links":{"self":[{"href":"https:\/\/auxmainsdecoco.fr\/index.php?rest_route=\/wp\/v2\/pages\/2835","targetHints":{"allow":["GET"]}}],"collection":[{"href":"https:\/\/auxmainsdecoco.fr\/index.php?rest_route=\/wp\/v2\/pages"}],"about":[{"href":"https:\/\/auxmainsdecoco.fr\/index.php?rest_route=\/wp\/v2\/types\/page"}],"author":[{"embeddable":true,"href":"https:\/\/auxmainsdecoco.fr\/index.php?rest_route=\/wp\/v2\/users\/128420705"}],"replies":[{"embeddable":true,"href":"https:\/\/auxmainsdecoco.fr\/index.php?rest_route=%2Fwp%2Fv2%2Fcomments&post=2835"}],"version-history":[{"count":6,"href":"https:\/\/auxmainsdecoco.fr\/index.php?rest_route=\/wp\/v2\/pages\/2835\/revisions"}],"predecessor-version":[{"id":2845,"href":"https:\/\/auxmainsdecoco.fr\/index.php?rest_route=\/wp\/v2\/pages\/2835\/revisions\/2845"}],"wp:attachment":[{"href":"https:\/\/auxmainsdecoco.fr\/index.php?rest_route=%2Fwp%2Fv2%2Fmedia&parent=2835"}],"curies":[{"name":"wp","href":"https:\/\/api.w.org\/{rel}","templated":true}]}}