{"id":2572,"date":"2023-04-06T13:53:27","date_gmt":"2023-04-06T12:53:27","guid":{"rendered":"https:\/\/atomic-temporary-136199285.wpcomstaging.com\/prenez-vos-rdv-en-ligne\/rehaussement-de-cils-yumilashes\/rehaussement-de-cils-yumilashes\/"},"modified":"2023-04-06T14:22:41","modified_gmt":"2023-04-06T13:22:41","slug":"rehaussement-de-cils-yumilashes","status":"publish","type":"page","link":"https:\/\/auxmainsdecoco.fr\/?page_id=2572","title":{"rendered":"R\u00e9haussement de cils YumiLashes"},"content":{"rendered":"\n<figure class=\"wp-block-image size-large\"><img data-recalc-dims=\"1\" decoding=\"async\" data-attachment-id=\"2570\" data-permalink=\"https:\/\/auxmainsdecoco.fr\/?attachment_id=2570\" data-orig-file=\"https:\/\/i0.wp.com\/auxmainsdecoco.fr\/wp-content\/uploads\/2023\/08\/4bfda-20230406_135520_0000.png?fit=1080%2C1080&amp;ssl=1\" data-orig-size=\"1080,1080\" data-comments-opened=\"1\" data-image-meta=\"{&quot;aperture&quot;:&quot;0&quot;,&quot;credit&quot;:&quot;&quot;,&quot;camera&quot;:&quot;&quot;,&quot;caption&quot;:&quot;&quot;,&quot;created_timestamp&quot;:&quot;0&quot;,&quot;copyright&quot;:&quot;&quot;,&quot;focal_length&quot;:&quot;0&quot;,&quot;iso&quot;:&quot;0&quot;,&quot;shutter_speed&quot;:&quot;0&quot;,&quot;title&quot;:&quot;&quot;,&quot;orientation&quot;:&quot;0&quot;}\" data-image-title=\"20230406_135520_0000\" data-image-description=\"\" data-image-caption=\"\" data-large-file=\"https:\/\/i0.wp.com\/auxmainsdecoco.fr\/wp-content\/uploads\/2023\/08\/4bfda-20230406_135520_0000.png?fit=767%2C767&amp;ssl=1\" src=\"https:\/\/i0.wp.com\/auxmainsdecoco.fr\/wp-content\/uploads\/2023\/08\/7f9e1-20230406_135520_0000.png?w=767&#038;ssl=1\" alt=\"\" class=\"wp-image-2570\" \/><\/figure>\n\n\n\n<figure class=\"wp-block-image\"><img data-recalc-dims=\"1\" decoding=\"async\" data-attachment-id=\"2568\" data-permalink=\"https:\/\/auxmainsdecoco.fr\/?attachment_id=2568\" data-orig-file=\"https:\/\/i0.wp.com\/auxmainsdecoco.fr\/wp-content\/uploads\/2023\/08\/8f714-20230406_135520_0001.png?fit=1080%2C1080&amp;ssl=1\" data-orig-size=\"1080,1080\" data-comments-opened=\"1\" data-image-meta=\"{&quot;aperture&quot;:&quot;0&quot;,&quot;credit&quot;:&quot;&quot;,&quot;camera&quot;:&quot;&quot;,&quot;caption&quot;:&quot;&quot;,&quot;created_timestamp&quot;:&quot;0&quot;,&quot;copyright&quot;:&quot;&quot;,&quot;focal_length&quot;:&quot;0&quot;,&quot;iso&quot;:&quot;0&quot;,&quot;shutter_speed&quot;:&quot;0&quot;,&quot;title&quot;:&quot;&quot;,&quot;orientation&quot;:&quot;0&quot;}\" data-image-title=\"20230406_135520_0001\" data-image-description=\"\" data-image-caption=\"\" data-large-file=\"https:\/\/i0.wp.com\/auxmainsdecoco.fr\/wp-content\/uploads\/2023\/08\/8f714-20230406_135520_0001.png?fit=767%2C767&amp;ssl=1\" src=\"https:\/\/i0.wp.com\/auxmainsdecoco.fr\/wp-content\/uploads\/2023\/08\/490ba-20230406_135520_0001.png?w=767&#038;ssl=1\" alt=\"\" class=\"wp-image-2568\" \/><\/figure>\n\n\n\n<figure class=\"wp-block-image\"><img data-recalc-dims=\"1\" decoding=\"async\" data-attachment-id=\"2569\" data-permalink=\"https:\/\/auxmainsdecoco.fr\/?attachment_id=2569\" data-orig-file=\"https:\/\/i0.wp.com\/auxmainsdecoco.fr\/wp-content\/uploads\/2023\/08\/0aa50-20230406_135520_0002.png?fit=1080%2C1080&amp;ssl=1\" data-orig-size=\"1080,1080\" data-comments-opened=\"1\" data-image-meta=\"{&quot;aperture&quot;:&quot;0&quot;,&quot;credit&quot;:&quot;&quot;,&quot;camera&quot;:&quot;&quot;,&quot;caption&quot;:&quot;&quot;,&quot;created_timestamp&quot;:&quot;0&quot;,&quot;copyright&quot;:&quot;&quot;,&quot;focal_length&quot;:&quot;0&quot;,&quot;iso&quot;:&quot;0&quot;,&quot;shutter_speed&quot;:&quot;0&quot;,&quot;title&quot;:&quot;&quot;,&quot;orientation&quot;:&quot;0&quot;}\" data-image-title=\"20230406_135520_0002\" data-image-description=\"\" data-image-caption=\"\" data-large-file=\"https:\/\/i0.wp.com\/auxmainsdecoco.fr\/wp-content\/uploads\/2023\/08\/0aa50-20230406_135520_0002.png?fit=767%2C767&amp;ssl=1\" src=\"https:\/\/i0.wp.com\/auxmainsdecoco.fr\/wp-content\/uploads\/2023\/08\/3a33d-20230406_135520_0002.png?w=767&#038;ssl=1\" alt=\"\" class=\"wp-image-2569\" \/><figcaption class=\"wp-element-caption\">Tarif 65\u20ac<\/figcaption><\/figure>\n\n\n\n<p class=\"wp-block-paragraph\">Un r\u00e9sultat incroyable pour des cils recourb\u00e9s et prot\u00e9g\u00e9s, tout \u00e7a pour un effet naturel.<\/p>\n\n\n\n<p class=\"wp-block-paragraph\">Produits fran\u00e7ais<\/p>\n\n\n\n<p class=\"wp-block-paragraph\">Pigments vegan<\/p>\n\n\n\n<p class=\"wp-block-paragraph\">Soin \u00e0 la k\u00e9ratine v\u00e9g\u00e9tale<\/p>\n\n\n\n<p class=\"wp-block-paragraph\">Osez ! Nous on adoooore !!! <\/p>\n","protected":false},"excerpt":{"rendered":"<p>Un r\u00e9sultat incroyable pour des cils recourb\u00e9s et prot\u00e9g\u00e9s, tout \u00e7a pour un effet naturel. Produits fran\u00e7ais Pigments vegan Soin \u00e0 la k\u00e9ratine v\u00e9g\u00e9tale Osez ! Nous on adoooore !!!<\/p>\n","protected":false},"author":128420705,"featured_media":2571,"parent":2542,"menu_order":0,"comment_status":"closed","ping_status":"closed","template":"page-templates\/front-page.php","meta":{"_coblocks_attr":"","_coblocks_dimensions":"","_coblocks_responsive_height":"","_coblocks_accordion_ie_support":"","_crdt_document":"","footnotes":""},"class_list":["post-2572","page","type-page","status-publish","has-post-thumbnail","hentry"],"jetpack_likes_enabled":true,"jetpack_sharing_enabled":true,"jetpack_shortlink":"https:\/\/wp.me\/P9dtEF-Fu","jetpack-related-posts":[],"_links":{"self":[{"href":"https:\/\/auxmainsdecoco.fr\/index.php?rest_route=\/wp\/v2\/pages\/2572","targetHints":{"allow":["GET"]}}],"collection":[{"href":"https:\/\/auxmainsdecoco.fr\/index.php?rest_route=\/wp\/v2\/pages"}],"about":[{"href":"https:\/\/auxmainsdecoco.fr\/index.php?rest_route=\/wp\/v2\/types\/page"}],"author":[{"embeddable":true,"href":"https:\/\/auxmainsdecoco.fr\/index.php?rest_route=\/wp\/v2\/users\/128420705"}],"replies":[{"embeddable":true,"href":"https:\/\/auxmainsdecoco.fr\/index.php?rest_route=%2Fwp%2Fv2%2Fcomments&post=2572"}],"version-history":[{"count":0,"href":"https:\/\/auxmainsdecoco.fr\/index.php?rest_route=\/wp\/v2\/pages\/2572\/revisions"}],"up":[{"embeddable":true,"href":"https:\/\/auxmainsdecoco.fr\/index.php?rest_route=\/wp\/v2\/pages\/2542"}],"wp:featuredmedia":[{"embeddable":true,"href":"https:\/\/auxmainsdecoco.fr\/index.php?rest_route=\/wp\/v2\/media\/2571"}],"wp:attachment":[{"href":"https:\/\/auxmainsdecoco.fr\/index.php?rest_route=%2Fwp%2Fv2%2Fmedia&parent=2572"}],"curies":[{"name":"wp","href":"https:\/\/api.w.org\/{rel}","templated":true}]}}